{"id":1601,"date":"2020-01-27T18:50:59","date_gmt":"2020-01-27T17:50:59","guid":{"rendered":"https:\/\/rustlerhu.convernatics.com\/?page_id=1601"},"modified":"2024-09-10T07:48:38","modified_gmt":"2024-09-10T05:48:38","slug":"home","status":"publish","type":"page","link":"https:\/\/rustler.hu\/en\/","title":{"rendered":"Home"},"content":{"rendered":"<div  class='flex_column av-61qold-2ef792c703025db0e0c861e478ac1ef9 av_one_third  avia-builder-el-0  el_before_av_one_third  avia-builder-el-first  first flex_column_div  '     ><style type=\"text\/css\" data-created_by=\"avia_inline_auto\" id=\"style-css-av-k5wn20z4-901e532bc26d168c3d2d9b28e17a4be4\">\n.avia-image-container.av-k5wn20z4-901e532bc26d168c3d2d9b28e17a4be4 img.avia_image{\nbox-shadow:none;\n}\n.avia-image-container.av-k5wn20z4-901e532bc26d168c3d2d9b28e17a4be4 .av-image-caption-overlay-center{\ncolor:#ffffff;\n}\n<\/style>\n<div  class='avia-image-container av-k5wn20z4-901e532bc26d168c3d2d9b28e17a4be4 av-styling- av-img-linked avia-align-center  avia-builder-el-1  avia-builder-el-no-sibling '   itemprop=\"image\" itemscope=\"itemscope\" itemtype=\"https:\/\/schema.org\/ImageObject\" ><div class=\"avia-image-container-inner\"><div class=\"avia-image-overlay-wrap\"><a href=\"https:\/\/rustler.hu\/facility-management\/\" class='avia_image '  aria-label='Facility-Management'><img decoding=\"async\" fetchpriority=\"high\" class='wp-image-1584 avia-img-lazy-loading-not-1584 avia_image ' src=\"https:\/\/rustler.hu\/wp-content\/uploads\/2020\/01\/Facility-Management-1030x474.jpg\" alt='' title='Facility-Management'  height=\"474\" width=\"1030\"  itemprop=\"thumbnailUrl\" srcset=\"https:\/\/rustler.hu\/wp-content\/uploads\/2020\/01\/Facility-Management-1030x474.jpg 1030w, https:\/\/rustler.hu\/wp-content\/uploads\/2020\/01\/Facility-Management-300x138.jpg 300w, https:\/\/rustler.hu\/wp-content\/uploads\/2020\/01\/Facility-Management.jpg 428w, https:\/\/rustler.hu\/wp-content\/uploads\/2020\/01\/Facility-Management-1536x706.jpg 1536w, https:\/\/rustler.hu\/wp-content\/uploads\/2020\/01\/Facility-Management-2048x942.jpg 2048w, https:\/\/rustler.hu\/wp-content\/uploads\/2020\/01\/Facility-Management-1500x690.jpg 1500w, https:\/\/rustler.hu\/wp-content\/uploads\/2020\/01\/Facility-Management-705x324.jpg 705w, https:\/\/rustler.hu\/wp-content\/uploads\/2020\/01\/Facility-Management-450x207.jpg 450w\" sizes=\"(max-width: 1030px) 100vw, 1030px\" \/><\/a><\/div><\/div><\/div><\/div>\n<div  class='flex_column av-4xphvl-c5e54adcf6472181410f4e84f9ad8d43 av_one_third  avia-builder-el-2  el_after_av_one_third  el_before_av_one_third  flex_column_div  '     ><style type=\"text\/css\" data-created_by=\"avia_inline_auto\" id=\"style-css-av-k23mzev4-cf988d3aa13d157d02c4552e7c1a4725\">\n.avia-image-container.av-k23mzev4-cf988d3aa13d157d02c4552e7c1a4725 img.avia_image{\nbox-shadow:none;\n}\n.avia-image-container.av-k23mzev4-cf988d3aa13d157d02c4552e7c1a4725 .av-image-caption-overlay-center{\ncolor:#ffffff;\n}\n<\/style>\n<div  class='avia-image-container av-k23mzev4-cf988d3aa13d157d02c4552e7c1a4725 av-styling- av-img-linked avia-align-center  avia-builder-el-3  avia-builder-el-no-sibling '   itemprop=\"image\" itemscope=\"itemscope\" itemtype=\"https:\/\/schema.org\/ImageObject\" ><div class=\"avia-image-container-inner\"><div class=\"avia-image-overlay-wrap\"><a href=\"https:\/\/rustler.hu\/property-management\/\" class='avia_image '  aria-label='Property-Management'><img decoding=\"async\" fetchpriority=\"high\" class='wp-image-1582 avia-img-lazy-loading-not-1582 avia_image ' src=\"https:\/\/rustler.hu\/wp-content\/uploads\/2020\/01\/Property-Management-1030x474.jpg\" alt='' title='Property-Management'  height=\"474\" width=\"1030\"  itemprop=\"thumbnailUrl\" srcset=\"https:\/\/rustler.hu\/wp-content\/uploads\/2020\/01\/Property-Management-1030x474.jpg 1030w, https:\/\/rustler.hu\/wp-content\/uploads\/2020\/01\/Property-Management-300x138.jpg 300w, https:\/\/rustler.hu\/wp-content\/uploads\/2020\/01\/Property-Management.jpg 428w, https:\/\/rustler.hu\/wp-content\/uploads\/2020\/01\/Property-Management-1536x706.jpg 1536w, https:\/\/rustler.hu\/wp-content\/uploads\/2020\/01\/Property-Management-2048x942.jpg 2048w, https:\/\/rustler.hu\/wp-content\/uploads\/2020\/01\/Property-Management-1500x690.jpg 1500w, https:\/\/rustler.hu\/wp-content\/uploads\/2020\/01\/Property-Management-705x324.jpg 705w, https:\/\/rustler.hu\/wp-content\/uploads\/2020\/01\/Property-Management-450x207.jpg 450w\" sizes=\"(max-width: 1030px) 100vw, 1030px\" \/><\/a><\/div><\/div><\/div><\/div>\n<div  class='flex_column av-2dalcx-ba108d67584e726dea30f8531bd34e7b av_one_third  avia-builder-el-4  el_after_av_one_third  el_before_av_one_third  flex_column_div  '     ><style type=\"text\/css\" data-created_by=\"avia_inline_auto\" id=\"style-css-av-m0dveth1-c91b1326658159cb036a6dacff738ca6\">\n.avia-image-container.av-m0dveth1-c91b1326658159cb036a6dacff738ca6 img.avia_image{\nbox-shadow:none;\n}\n.avia-image-container.av-m0dveth1-c91b1326658159cb036a6dacff738ca6 .av-image-caption-overlay-center{\ncolor:#ffffff;\n}\n<\/style>\n<div  class='avia-image-container av-m0dveth1-c91b1326658159cb036a6dacff738ca6 av-styling- av-img-linked avia-align-center  avia-builder-el-5  avia-builder-el-no-sibling '   itemprop=\"image\" itemscope=\"itemscope\" itemtype=\"https:\/\/schema.org\/ImageObject\" ><div class=\"avia-image-container-inner\"><div class=\"avia-image-overlay-wrap\"><a href=\"https:\/\/rustler.hu\/en\/designbuild\/\" class='avia_image '  aria-label='Kacheln-Homepage'><img decoding=\"async\" fetchpriority=\"high\" class='wp-image-16533 avia-img-lazy-loading-not-16533 avia_image ' src=\"https:\/\/rustler.hu\/wp-content\/uploads\/2024\/09\/Kacheln-Homepage.jpg\" alt='' title='Kacheln-Homepage'  height=\"394\" width=\"856\"  itemprop=\"thumbnailUrl\" srcset=\"https:\/\/rustler.hu\/wp-content\/uploads\/2024\/09\/Kacheln-Homepage.jpg 856w, https:\/\/rustler.hu\/wp-content\/uploads\/2024\/09\/Kacheln-Homepage-300x138.jpg 300w, https:\/\/rustler.hu\/wp-content\/uploads\/2024\/09\/Kacheln-Homepage-768x353.jpg 768w, https:\/\/rustler.hu\/wp-content\/uploads\/2024\/09\/Kacheln-Homepage-705x324.jpg 705w\" sizes=\"(max-width: 856px) 100vw, 856px\" \/><\/a><\/div><\/div><\/div><\/div><div  class='flex_column av-85tvpd-2ce36c0d8644f60d9a73d9528b43a73a av_one_third  avia-builder-el-6  el_after_av_one_third  el_before_av_one_third  first flex_column_div  column-top-margin'     ><style type=\"text\/css\" data-created_by=\"avia_inline_auto\" id=\"style-css-av-k23n0u2b-3e20f3819853e2bed331f03b13e432dc\">\n.avia-image-container.av-k23n0u2b-3e20f3819853e2bed331f03b13e432dc img.avia_image{\nbox-shadow:none;\n}\n.avia-image-container.av-k23n0u2b-3e20f3819853e2bed331f03b13e432dc .av-image-caption-overlay-center{\ncolor:#ffffff;\n}\n<\/style>\n<div  class='avia-image-container av-k23n0u2b-3e20f3819853e2bed331f03b13e432dc av-styling- av-img-linked avia-align-center  avia-builder-el-7  avia-builder-el-no-sibling '   itemprop=\"image\" itemscope=\"itemscope\" itemtype=\"https:\/\/schema.org\/ImageObject\" ><div class=\"avia-image-container-inner\"><div class=\"avia-image-overlay-wrap\"><a href=\"https:\/\/rustler.hu\/egyeb-szolgaltatasok\/\" class='avia_image '  aria-label='Other Services NEU_428x197'><img decoding=\"async\" fetchpriority=\"high\" class='wp-image-1588 avia-img-lazy-loading-not-1588 avia_image ' src=\"https:\/\/rustler.hu\/wp-content\/uploads\/2020\/01\/Other-Services-NEU_428x197-1030x474.jpg\" alt='' title='Other Services NEU_428x197'  height=\"474\" width=\"1030\"  itemprop=\"thumbnailUrl\" srcset=\"https:\/\/rustler.hu\/wp-content\/uploads\/2020\/01\/Other-Services-NEU_428x197-1030x474.jpg 1030w, https:\/\/rustler.hu\/wp-content\/uploads\/2020\/01\/Other-Services-NEU_428x197-300x138.jpg 300w, https:\/\/rustler.hu\/wp-content\/uploads\/2020\/01\/Other-Services-NEU_428x197.jpg 428w, https:\/\/rustler.hu\/wp-content\/uploads\/2020\/01\/Other-Services-NEU_428x197-1536x706.jpg 1536w, https:\/\/rustler.hu\/wp-content\/uploads\/2020\/01\/Other-Services-NEU_428x197-2048x942.jpg 2048w, https:\/\/rustler.hu\/wp-content\/uploads\/2020\/01\/Other-Services-NEU_428x197-1500x690.jpg 1500w, https:\/\/rustler.hu\/wp-content\/uploads\/2020\/01\/Other-Services-NEU_428x197-705x324.jpg 705w, https:\/\/rustler.hu\/wp-content\/uploads\/2020\/01\/Other-Services-NEU_428x197-450x207.jpg 450w\" sizes=\"(max-width: 1030px) 100vw, 1030px\" \/><\/a><\/div><\/div><\/div><\/div><\/p>\n<div  class='flex_column av-5jrlu9-d96c8815f7ca334b5350569afd1414e8 av_one_third  avia-builder-el-8  el_after_av_one_third  el_before_av_one_third  flex_column_div  column-top-margin'     ><style type=\"text\/css\" data-created_by=\"avia_inline_auto\" id=\"style-css-av-k23n1jfy-0c054dfc0ef4b2240110b9467d7a3c3b\">\n.avia-image-container.av-k23n1jfy-0c054dfc0ef4b2240110b9467d7a3c3b img.avia_image{\nbox-shadow:none;\n}\n.avia-image-container.av-k23n1jfy-0c054dfc0ef4b2240110b9467d7a3c3b .av-image-caption-overlay-center{\ncolor:#ffffff;\n}\n<\/style>\n<div  class='avia-image-container av-k23n1jfy-0c054dfc0ef4b2240110b9467d7a3c3b av-styling- av-img-linked avia-align-center  avia-builder-el-9  avia-builder-el-no-sibling '   itemprop=\"image\" itemscope=\"itemscope\" itemtype=\"https:\/\/schema.org\/ImageObject\" ><div class=\"avia-image-container-inner\"><div class=\"avia-image-overlay-wrap\"><a href=\"https:\/\/rustler.hu\/en\/rustler-group\/\" class='avia_image '  aria-label='International'><img decoding=\"async\" fetchpriority=\"high\" class='wp-image-1602 avia-img-lazy-loading-not-1602 avia_image ' src=\"https:\/\/rustler.hu\/wp-content\/uploads\/2020\/01\/International-1030x474.jpg\" alt='' title='International'  height=\"474\" width=\"1030\"  itemprop=\"thumbnailUrl\" srcset=\"https:\/\/rustler.hu\/wp-content\/uploads\/2020\/01\/International-1030x474.jpg 1030w, https:\/\/rustler.hu\/wp-content\/uploads\/2020\/01\/International-300x138.jpg 300w, https:\/\/rustler.hu\/wp-content\/uploads\/2020\/01\/International.jpg 428w, https:\/\/rustler.hu\/wp-content\/uploads\/2020\/01\/International-1536x706.jpg 1536w, https:\/\/rustler.hu\/wp-content\/uploads\/2020\/01\/International-2048x942.jpg 2048w, https:\/\/rustler.hu\/wp-content\/uploads\/2020\/01\/International-1500x690.jpg 1500w, https:\/\/rustler.hu\/wp-content\/uploads\/2020\/01\/International-705x324.jpg 705w, https:\/\/rustler.hu\/wp-content\/uploads\/2020\/01\/International-450x207.jpg 450w\" sizes=\"(max-width: 1030px) 100vw, 1030px\" \/><\/a><\/div><\/div><\/div><\/div>\n<div  class='flex_column av-2o4okh-5d04f984168bf8ff99a0bf23153b34f3 av_one_third  avia-builder-el-10  el_after_av_one_third  el_before_av_one_full  flex_column_div  column-top-margin'     ><style type=\"text\/css\" data-created_by=\"avia_inline_auto\" id=\"style-css-av-m0dw73ul-f544051b93a1a7c578e0b33836e62734\">\n.avia-image-container.av-m0dw73ul-f544051b93a1a7c578e0b33836e62734 img.avia_image{\nbox-shadow:none;\n}\n.avia-image-container.av-m0dw73ul-f544051b93a1a7c578e0b33836e62734 .av-image-caption-overlay-center{\ncolor:#ffffff;\n}\n<\/style>\n<div  class='avia-image-container av-m0dw73ul-f544051b93a1a7c578e0b33836e62734 av-styling- av-img-linked avia-align-center  avia-builder-el-11  avia-builder-el-no-sibling '   itemprop=\"image\" itemscope=\"itemscope\" itemtype=\"https:\/\/schema.org\/ImageObject\" ><div class=\"avia-image-container-inner\"><div class=\"avia-image-overlay-wrap\"><a href=\"https:\/\/rustler.hu\/en\/career\/\" class='avia_image '  aria-label='Rustler-Join-Us'><img decoding=\"async\" fetchpriority=\"high\" class='wp-image-1551 avia-img-lazy-loading-not-1551 avia_image ' src=\"https:\/\/rustler.hu\/wp-content\/uploads\/2020\/01\/Rustler-Join-Us-1030x453.jpg\" alt='' title='Rustler-Join-Us'  height=\"453\" width=\"1030\"  itemprop=\"thumbnailUrl\" srcset=\"https:\/\/rustler.hu\/wp-content\/uploads\/2020\/01\/Rustler-Join-Us-1030x453.jpg 1030w, https:\/\/rustler.hu\/wp-content\/uploads\/2020\/01\/Rustler-Join-Us-300x132.jpg 300w, https:\/\/rustler.hu\/wp-content\/uploads\/2020\/01\/Rustler-Join-Us.jpg 459w, https:\/\/rustler.hu\/wp-content\/uploads\/2020\/01\/Rustler-Join-Us-1536x675.jpg 1536w, https:\/\/rustler.hu\/wp-content\/uploads\/2020\/01\/Rustler-Join-Us-2048x901.jpg 2048w, https:\/\/rustler.hu\/wp-content\/uploads\/2020\/01\/Rustler-Join-Us-1500x660.jpg 1500w, https:\/\/rustler.hu\/wp-content\/uploads\/2020\/01\/Rustler-Join-Us-705x310.jpg 705w, https:\/\/rustler.hu\/wp-content\/uploads\/2020\/01\/Rustler-Join-Us-450x198.jpg 450w\" sizes=\"(max-width: 1030px) 100vw, 1030px\" \/><\/a><\/div><\/div><\/div><\/div>\n\n<style type=\"text\/css\" data-created_by=\"avia_inline_auto\" id=\"style-css-av-kc7a77ud-c636f240ef3734836a7bebd3e96b2cdc\">\n#top .flex_column.av-kc7a77ud-c636f240ef3734836a7bebd3e96b2cdc{\nmargin-top:20px;\nmargin-bottom:10px;\n}\n.flex_column.av-kc7a77ud-c636f240ef3734836a7bebd3e96b2cdc{\nborder-radius:0px 0px 0px 0px;\npadding:0px 0px 0px 0px;\n}\n.responsive #top #wrap_all .flex_column.av-kc7a77ud-c636f240ef3734836a7bebd3e96b2cdc{\nmargin-top:20px;\nmargin-bottom:10px;\n}\n<\/style>\n<div  class='flex_column av-kc7a77ud-c636f240ef3734836a7bebd3e96b2cdc av_one_full  avia-builder-el-12  el_after_av_one_third  el_before_av_one_third  first flex_column_div av-zero-column-padding  column-top-margin'     ><section  class='av_textblock_section av-kc6iq4uc-5c68ef6138514d9940950bcbbdd14713 '   itemscope=\"itemscope\" itemtype=\"https:\/\/schema.org\/CreativeWork\" ><div class='avia_textblock'  itemprop=\"text\" ><h1>First class facility management in Budapest<\/h1>\n<\/div><\/section><\/div>\n\n<style type=\"text\/css\" data-created_by=\"avia_inline_auto\" id=\"style-css-av-agdug1-1954bc9b71137c52bfa70bd2d1333411\">\n#top .flex_column.av-agdug1-1954bc9b71137c52bfa70bd2d1333411{\nmargin-top:0px;\nmargin-bottom:0px;\n}\n.flex_column.av-agdug1-1954bc9b71137c52bfa70bd2d1333411{\nborder-radius:0px 0px 0px 0px;\npadding:0px 0px 0px 0px;\n}\n.responsive #top #wrap_all .flex_column.av-agdug1-1954bc9b71137c52bfa70bd2d1333411{\nmargin-top:0px;\nmargin-bottom:0px;\n}\n<\/style>\n<div  class='flex_column av-agdug1-1954bc9b71137c52bfa70bd2d1333411 av_one_third  avia-builder-el-14  el_after_av_one_full  el_before_av_one_third  first flex_column_div av-zero-column-padding  column-top-margin'     ><section  class='av_textblock_section av-kc6jo96o-c272d4fd92d7f827207a22e6cb281dfd '   itemscope=\"itemscope\" itemtype=\"https:\/\/schema.org\/CreativeWork\" ><div class='avia_textblock'  itemprop=\"text\" ><h2>We reduce running costs<\/h2>\n<p>Our facility management experts are reducing the running costs of your buildings through proper maintenance and supervision. Maintaining a building properly not only increases its market value, but also reduces running costs and long-term costs for necessary investments.<\/p>\n<\/div><\/section><\/div>\n\n<style type=\"text\/css\" data-created_by=\"avia_inline_auto\" id=\"style-css-av-8fxtk1-c39559a90c40949c588365209f585b69\">\n#top .flex_column.av-8fxtk1-c39559a90c40949c588365209f585b69{\nmargin-top:0px;\nmargin-bottom:0px;\n}\n.flex_column.av-8fxtk1-c39559a90c40949c588365209f585b69{\nborder-radius:0px 0px 0px 0px;\npadding:0px 0px 0px 0px;\n}\n.responsive #top #wrap_all .flex_column.av-8fxtk1-c39559a90c40949c588365209f585b69{\nmargin-top:0px;\nmargin-bottom:0px;\n}\n<\/style>\n<div  class='flex_column av-8fxtk1-c39559a90c40949c588365209f585b69 av_one_third  avia-builder-el-16  el_after_av_one_third  el_before_av_one_third  flex_column_div av-zero-column-padding  column-top-margin'     ><section  class='av_textblock_section av-kc6jo96o-8-c6b26889bdb40c42158c9d02ad145237 '   itemscope=\"itemscope\" itemtype=\"https:\/\/schema.org\/CreativeWork\" ><div class='avia_textblock'  itemprop=\"text\" ><h2>Optimize the tenant &amp; workplace experience<\/h2>\n<p>Optimizing the workplace environment has become a necessity in modern facility management. High quality tenants require an optimized workplace experience to satisfy their staff\u2019s wants and needs. This optimized tenant experience leads to higher tenant quality and therefore higher revenue.<\/p>\n<\/div><\/section><\/div>\n\n<style type=\"text\/css\" data-created_by=\"avia_inline_auto\" id=\"style-css-av-6x9ssh-0c63c41d07fe0ba9968f76638ce4a495\">\n#top .flex_column.av-6x9ssh-0c63c41d07fe0ba9968f76638ce4a495{\nmargin-top:0px;\nmargin-bottom:0px;\n}\n.flex_column.av-6x9ssh-0c63c41d07fe0ba9968f76638ce4a495{\nborder-radius:0px 0px 0px 0px;\npadding:0px 0px 0px 0px;\n}\n.responsive #top #wrap_all .flex_column.av-6x9ssh-0c63c41d07fe0ba9968f76638ce4a495{\nmargin-top:0px;\nmargin-bottom:0px;\n}\n<\/style>\n<div  class='flex_column av-6x9ssh-0c63c41d07fe0ba9968f76638ce4a495 av_one_third  avia-builder-el-18  el_after_av_one_third  el_before_av_one_full  flex_column_div av-zero-column-padding  column-top-margin'     ><section  class='av_textblock_section av-kc6jo96o-7-4133d0fe9f5282bf9c748ce7f17b0beb '   itemscope=\"itemscope\" itemtype=\"https:\/\/schema.org\/CreativeWork\" ><div class='avia_textblock'  itemprop=\"text\" ><h2>Full transparency<\/h2>\n<p>Your property managers have full insight into our maintenance records and guidelines. Our automated facilities processes ensure punctual and reliable checkups. You can check the records of our work at any time.<\/p>\n<\/div><\/section><\/div>\n\n<style type=\"text\/css\" data-created_by=\"avia_inline_auto\" id=\"style-css-av-kc7a7gla-1997d908b57a96a310f58965493352ca\">\n#top .flex_column.av-kc7a7gla-1997d908b57a96a310f58965493352ca{\nmargin-top:20px;\nmargin-bottom:10px;\n}\n.flex_column.av-kc7a7gla-1997d908b57a96a310f58965493352ca{\nborder-radius:0px 0px 0px 0px;\npadding:0px 0px 0px 0px;\n}\n.responsive #top #wrap_all .flex_column.av-kc7a7gla-1997d908b57a96a310f58965493352ca{\nmargin-top:20px;\nmargin-bottom:10px;\n}\n<\/style>\n<div  class='flex_column av-kc7a7gla-1997d908b57a96a310f58965493352ca av_one_full  avia-builder-el-20  el_after_av_one_third  el_before_av_one_third  first flex_column_div av-zero-column-padding  column-top-margin'     ><section  class='av_textblock_section av-kc6iq4uc-9-21d0ecae934c5a4fffa124faf7edb147 '   itemscope=\"itemscope\" itemtype=\"https:\/\/schema.org\/CreativeWork\" ><div class='avia_textblock'  itemprop=\"text\" ><h2>Property Management<\/h2>\n<\/div><\/section><\/div>\n\n<style type=\"text\/css\" data-created_by=\"avia_inline_auto\" id=\"style-css-av-5ss3xt-8352355f31eb36aa2f82f58350bc9e0e\">\n#top .flex_column.av-5ss3xt-8352355f31eb36aa2f82f58350bc9e0e{\nmargin-top:0px;\nmargin-bottom:0px;\n}\n.flex_column.av-5ss3xt-8352355f31eb36aa2f82f58350bc9e0e{\nborder-radius:0px 0px 0px 0px;\npadding:0px 0px 0px 0px;\n}\n.responsive #top #wrap_all .flex_column.av-5ss3xt-8352355f31eb36aa2f82f58350bc9e0e{\nmargin-top:0px;\nmargin-bottom:0px;\n}\n<\/style>\n<div  class='flex_column av-5ss3xt-8352355f31eb36aa2f82f58350bc9e0e av_one_third  avia-builder-el-22  el_after_av_one_full  el_before_av_one_third  first flex_column_div av-zero-column-padding  column-top-margin'     ><section  class='av_textblock_section av-kc6jo96o-6-4613713652fafd20350061bcfadadde2 '   itemscope=\"itemscope\" itemtype=\"https:\/\/schema.org\/CreativeWork\" ><div class='avia_textblock'  itemprop=\"text\" ><h2>High quality, long-term tenants<\/h2>\n<p>We as professional property managers take good care of your tenants and ensure high tenant quality through careful tenant selection as well as professional communication. Rents are paid on time and the wear and tear of the building is reduced.<\/p>\n<\/div><\/section><\/div>\n\n<style type=\"text\/css\" data-created_by=\"avia_inline_auto\" id=\"style-css-av-49y34h-dcb37b480aef3a833404d395aff4b4ba\">\n#top .flex_column.av-49y34h-dcb37b480aef3a833404d395aff4b4ba{\nmargin-top:0px;\nmargin-bottom:0px;\n}\n.flex_column.av-49y34h-dcb37b480aef3a833404d395aff4b4ba{\nborder-radius:0px 0px 0px 0px;\npadding:0px 0px 0px 0px;\n}\n.responsive #top #wrap_all .flex_column.av-49y34h-dcb37b480aef3a833404d395aff4b4ba{\nmargin-top:0px;\nmargin-bottom:0px;\n}\n<\/style>\n<div  class='flex_column av-49y34h-dcb37b480aef3a833404d395aff4b4ba av_one_third  avia-builder-el-24  el_after_av_one_third  el_before_av_one_third  flex_column_div av-zero-column-padding  column-top-margin'     ><section  class='av_textblock_section av-kc6jo96o-5-78d693c202bcbea539bd329b89dcaf48 '   itemscope=\"itemscope\" itemtype=\"https:\/\/schema.org\/CreativeWork\" ><div class='avia_textblock'  itemprop=\"text\" ><h2>Legal issues are taken care of<\/h2>\n<p>We properly screen new tenants to avoid legal problems in advance. Even if legal issues rise up &#8211; we will handle them for you. Your asset management will be free to do what they do best: making decisions to increase your total revenue on your assets.<\/p>\n<\/div><\/section><\/div>\n\n<style type=\"text\/css\" data-created_by=\"avia_inline_auto\" id=\"style-css-av-295uf5-0d0b60a9e9468a2d4da1716a508c10c2\">\n#top .flex_column.av-295uf5-0d0b60a9e9468a2d4da1716a508c10c2{\nmargin-top:0px;\nmargin-bottom:0px;\n}\n.flex_column.av-295uf5-0d0b60a9e9468a2d4da1716a508c10c2{\nborder-radius:0px 0px 0px 0px;\npadding:0px 0px 0px 0px;\n}\n.responsive #top #wrap_all .flex_column.av-295uf5-0d0b60a9e9468a2d4da1716a508c10c2{\nmargin-top:0px;\nmargin-bottom:0px;\n}\n<\/style>\n<div  class='flex_column av-295uf5-0d0b60a9e9468a2d4da1716a508c10c2 av_one_third  avia-builder-el-26  el_after_av_one_third  el_before_av_one_half  flex_column_div av-zero-column-padding  column-top-margin'     ><section  class='av_textblock_section av-kc6jo96o-4-5574d01967deb34d47499dea67aa89f8 '   itemscope=\"itemscope\" itemtype=\"https:\/\/schema.org\/CreativeWork\" ><div class='avia_textblock'  itemprop=\"text\" ><h2>Increasing the buildings value<\/h2>\n<p>Increasing the value of buildings is the highest priority for our property managers. We are maximizing your ROI while increasing tenant quality and satisfaction. Through our deep knowledge in Facility Management we are able to reduce maintenance cost substantially. The value of your building will continuously increase.<\/p>\n<\/div><\/section><\/div>\n\n<style type=\"text\/css\" data-created_by=\"avia_inline_auto\" id=\"style-css-av-3nmbxt-4f5b5913e199044688929bde26110e21\">\n.flex_column.av-3nmbxt-4f5b5913e199044688929bde26110e21{\nborder-radius:0px 0px 0px 0px;\npadding:0px 0px 0px 0px;\n}\n<\/style>\n<div  class='flex_column av-3nmbxt-4f5b5913e199044688929bde26110e21 av_one_half  avia-builder-el-28  el_after_av_one_third  el_before_av_one_half  first flex_column_div av-zero-column-padding  column-top-margin'     ><section  class='av_textblock_section av-k5wug1ic-5ab4d7c20b5689a1a77b8452a19d5718 '   itemscope=\"itemscope\" itemtype=\"https:\/\/schema.org\/CreativeWork\" ><div class='avia_textblock'  itemprop=\"text\" ><div class=\"homebox\">\n<div class=\"homeboxheader\">\n<h4>Jobs<\/h4>\n<\/div>\n\n\n\n<div id=\"wpv-view-layout-1672\" class=\"js-wpv-view-layout js-wpv-layout-responsive js-wpv-view-layout-1672\" data-viewnumber=\"1672\" data-pagination=\"{&quot;id&quot;:1672,&quot;query&quot;:&quot;normal&quot;,&quot;type&quot;:&quot;disabled&quot;,&quot;effect&quot;:&quot;fade&quot;,&quot;duration&quot;:500,&quot;speed&quot;:5,&quot;pause_on_hover&quot;:&quot;disabled&quot;,&quot;stop_rollover&quot;:&quot;false&quot;,&quot;cache_pages&quot;:&quot;enabled&quot;,&quot;preload_images&quot;:&quot;enabled&quot;,&quot;preload_pages&quot;:&quot;enabled&quot;,&quot;preload_reach&quot;:1,&quot;spinner&quot;:&quot;builtin&quot;,&quot;spinner_image&quot;:&quot;https:\/\/rustler.hu\/wp-content\/plugins\/wp-views\/embedded\/res\/img\/ajax-loader.gif&quot;,&quot;callback_next&quot;:&quot;&quot;,&quot;manage_history&quot;:&quot;enabled&quot;,&quot;has_controls_in_form&quot;:&quot;disabled&quot;,&quot;infinite_tolerance&quot;:&quot;0&quot;,&quot;max_pages&quot;:1,&quot;page&quot;:1,&quot;base_permalink&quot;:&quot;\/en\/wp-json\/wp\/v2\/pages\/1601?wpv_view_count=1672&amp;wpv_paged=WPV_PAGE_NUM&quot;,&quot;loop&quot;:{&quot;type&quot;:&quot;&quot;,&quot;name&quot;:&quot;&quot;,&quot;data&quot;:[],&quot;id&quot;:0}}\" data-permalink=\"\/en\/wp-json\/wp\/v2\/pages\/1601?wpv_view_count=1672\">\n\n\t\n      <div class=\"homeboxjobs\">\n\n\t<ul>\n      <li>Facility Manager<\/li>\n      <\/ul>\n\t\n      <\/div>\n\t\n\t\n<\/div>\n\n<div class=\"homeboxfooter\"><a href=\"https:\/\/rustler.hu\/karrier\/\">Az \u00f6sszes \u00e1ll\u00e1saj\u00e1nlat megtekint\u00e9se<\/a><\/div>\n<\/div>\n<\/div><\/section><\/div>\n\n<style type=\"text\/css\" data-created_by=\"avia_inline_auto\" id=\"style-css-av-25xobl-653102c3f515ee8187e77e39de67708c\">\n.flex_column.av-25xobl-653102c3f515ee8187e77e39de67708c{\nborder-radius:0px 0px 0px 0px;\npadding:0px 0px 0px 0px;\n}\n<\/style>\n<div  class='flex_column av-25xobl-653102c3f515ee8187e77e39de67708c av_one_half  avia-builder-el-30  el_after_av_one_half  avia-builder-el-last  flex_column_div av-zero-column-padding  column-top-margin'     ><section  class='av_textblock_section av-k5wuglp9-dce541a7e64ee6ac98a84af118998b1a '   itemscope=\"itemscope\" itemtype=\"https:\/\/schema.org\/CreativeWork\" ><div class='avia_textblock'  itemprop=\"text\" ><div class=\"homebox\">\n<div class=\"homeboxheader\">\n<h4>Company<\/h4>\n<\/div>\n<div class=\"homeboxmenu\">\n<ul>\n<li><a href=\"https:\/\/rustler.hu\/en\/mission-statement\/?lang=en\">Mission Statement<\/a><\/li>\n<li><a href=\"https:\/\/rustler.hu\/munkatarsak\/?lang=en\">Management<\/a><\/li>\n<li><a href=\"https:\/\/rustler.hu\/rustler-csoport\/?lang=en\">Rustler Group<\/a><\/li>\n<\/ul>\n<\/div>\n<div class=\"homeboxfooter\"><a href=\"https:\/\/rustler.hu\/en\/mission-statement\/?lang=en\">Show more<\/a><\/div>\n<\/div>\n<\/div><\/section><\/div>\n","protected":false},"excerpt":{"rendered":"","protected":false},"author":1,"featured_media":0,"parent":0,"menu_order":0,"comment_status":"closed","ping_status":"closed","template":"","meta":{"_seopress_robots_primary_cat":"","_seopress_titles_title":"","_seopress_titles_desc":"","_seopress_robots_index":"","inline_featured_image":false,"footnotes":""},"class_list":["post-1601","page","type-page","status-publish","hentry"],"_links":{"self":[{"href":"https:\/\/rustler.hu\/en\/wp-json\/wp\/v2\/pages\/1601","targetHints":{"allow":["GET"]}}],"collection":[{"href":"https:\/\/rustler.hu\/en\/wp-json\/wp\/v2\/pages"}],"about":[{"href":"https:\/\/rustler.hu\/en\/wp-json\/wp\/v2\/types\/page"}],"author":[{"embeddable":true,"href":"https:\/\/rustler.hu\/en\/wp-json\/wp\/v2\/users\/1"}],"replies":[{"embeddable":true,"href":"https:\/\/rustler.hu\/en\/wp-json\/wp\/v2\/comments?post=1601"}],"version-history":[{"count":20,"href":"https:\/\/rustler.hu\/en\/wp-json\/wp\/v2\/pages\/1601\/revisions"}],"predecessor-version":[{"id":16536,"href":"https:\/\/rustler.hu\/en\/wp-json\/wp\/v2\/pages\/1601\/revisions\/16536"}],"wp:attachment":[{"href":"https:\/\/rustler.hu\/en\/wp-json\/wp\/v2\/media?parent=1601"}],"curies":[{"name":"wp","href":"https:\/\/api.w.org\/{rel}","templated":true}]}}